{"id":621,"date":"2019-04-17T10:04:40","date_gmt":"2019-04-17T10:04:40","guid":{"rendered":"https:\/\/centre-cyno-tallendais.fr\/index.php\/about\/"},"modified":"2023-12-15T11:04:22","modified_gmt":"2023-12-15T10:04:22","slug":"tarifs","status":"publish","type":"page","link":"https:\/\/centre-cyno-tallendais.fr\/index.php\/tarifs\/","title":{"rendered":"TARIFS de votre \u00e9ducateur canin"},"content":{"rendered":"\t\t<div data-elementor-type=\"wp-post\" data-elementor-id=\"621\" class=\"elementor elementor-621\">\n\t\t\t\t<div class=\"elementor-element elementor-element-80e8d53 e-flex e-con-boxed e-con e-parent\" data-id=\"80e8d53\" data-element_type=\"container\" data-e-type=\"container\">\n\t\t\t\t\t<div class=\"e-con-inner\">\n\t\t\t\t<div class=\"elementor-element elementor-element-b9aa9ef elementor-widget elementor-widget-image\" data-id=\"b9aa9ef\" data-element_type=\"widget\" data-e-type=\"widget\" data-widget_type=\"image.default\">\n\t\t\t\t<div class=\"elementor-widget-container\">\n\t\t\t\t\t\t\t\t\t\t\t\t\t\t\t<img fetchpriority=\"high\" decoding=\"async\" width=\"768\" height=\"321\" src=\"https:\/\/centre-cyno-tallendais.fr\/wp-content\/uploads\/2023\/11\/groupe-chiens-768x321.png\" class=\"attachment-medium_large size-medium_large wp-image-1341\" alt=\"centre club cynotechnique tallendais\" srcset=\"https:\/\/centre-cyno-tallendais.fr\/wp-content\/uploads\/2023\/11\/groupe-chiens-768x321.png 768w, https:\/\/centre-cyno-tallendais.fr\/wp-content\/uploads\/2023\/11\/groupe-chiens-300x125.png 300w, https:\/\/centre-cyno-tallendais.fr\/wp-content\/uploads\/2023\/11\/groupe-chiens.png 800w\" sizes=\"(max-width: 768px) 100vw, 768px\" \/>\t\t\t\t\t\t\t\t\t\t\t\t\t\t\t<\/div>\n\t\t\t\t<\/div>\n\t\t\t\t\t<\/div>\n\t\t\t\t<\/div>\n\t\t\t\t<section class=\"elementor-section elementor-top-section elementor-element elementor-element-13a93292 elementor-section-boxed elementor-section-height-default elementor-section-height-default\" data-id=\"13a93292\" data-element_type=\"section\" data-e-type=\"section\" data-settings=\"{&quot;background_background&quot;:&quot;classic&quot;}\">\n\t\t\t\t\t\t\t<div class=\"elementor-background-overlay\"><\/div>\n\t\t\t\t\t\t\t<div class=\"elementor-container elementor-column-gap-default\">\n\t\t\t\t\t<div class=\"elementor-column elementor-col-100 elementor-top-column elementor-element elementor-element-25748b2d\" data-id=\"25748b2d\" data-element_type=\"column\" data-e-type=\"column\">\n\t\t\t<div class=\"elementor-widget-wrap elementor-element-populated\">\n\t\t\t\t\t\t<div class=\"elementor-element elementor-element-1dca66c4 elementor-widget-divider--view-line elementor-widget elementor-widget-divider\" data-id=\"1dca66c4\" data-element_type=\"widget\" data-e-type=\"widget\" data-widget_type=\"divider.default\">\n\t\t\t\t<div class=\"elementor-widget-container\">\n\t\t\t\t\t\t\t<div class=\"elementor-divider\">\n\t\t\t<span class=\"elementor-divider-separator\">\n\t\t\t\t\t\t<\/span>\n\t\t<\/div>\n\t\t\t\t\t\t<\/div>\n\t\t\t\t<\/div>\n\t\t\t\t<div class=\"elementor-element elementor-element-253d822f elementor-widget elementor-widget-heading\" data-id=\"253d822f\" data-element_type=\"widget\" data-e-type=\"widget\" data-widget_type=\"heading.default\">\n\t\t\t\t<div class=\"elementor-widget-container\">\n\t\t\t\t\t<h2 class=\"elementor-heading-title elementor-size-default\">Tarifs appliqu\u00e9s<\/h2>\t\t\t\t<\/div>\n\t\t\t\t<\/div>\n\t\t\t\t\t<\/div>\n\t\t<\/div>\n\t\t\t\t\t<\/div>\n\t\t<\/section>\n\t\t<div class=\"elementor-element elementor-element-f39b14f e-flex e-con-boxed e-con e-parent\" data-id=\"f39b14f\" data-element_type=\"container\" data-e-type=\"container\">\n\t\t\t\t\t<div class=\"e-con-inner\">\n\t\t\t\t<div class=\"elementor-element elementor-element-064841f elementor-widget elementor-widget-text-editor\" data-id=\"064841f\" data-element_type=\"widget\" data-e-type=\"widget\" data-widget_type=\"text-editor.default\">\n\t\t\t\t<div class=\"elementor-widget-container\">\n\t\t\t\t\t\t\t\t\t<table dir=\"ltr\" border=\"1\" cellspacing=\"0\" cellpadding=\"0\" data-sheets-root=\"1\"><colgroup> <col width=\"434\" \/> <col width=\"148\" \/> <col width=\"176\" \/> <col width=\"150\" \/><\/colgroup><tbody><tr><td data-sheets-value=\"{&quot;1&quot;:2,&quot;2&quot;:&quot;DESIGNATION&quot;}\"><strong>D\u00c9SIGNATION<\/strong><\/td><td data-sheets-value=\"{&quot;1&quot;:2,&quot;2&quot;:&quot;QUANTITE&quot;}\"><strong>QUANTIT\u00c9<\/strong><\/td><td data-sheets-value=\"{&quot;1&quot;:2,&quot;2&quot;:&quot;Forfait \/ Heure&quot;}\"><strong>Forfait \/ Heure<\/strong><\/td><td data-sheets-value=\"{&quot;1&quot;:2,&quot;2&quot;:&quot;MONTANT&quot;}\"><strong>MONTANT<\/strong><\/td><\/tr><tr><td data-sheets-value=\"{&quot;1&quot;:2,&quot;2&quot;:&quot;Location terrain entrainement&quot;}\">Location terrain entrainement<\/td><td data-sheets-value=\"{&quot;1&quot;:3,&quot;3&quot;:1}\">1<\/td><td data-sheets-value=\"{&quot;1&quot;:2,&quot;2&quot;:&quot;Heure&quot;}\">Heure<\/td><td data-sheets-value=\"{&quot;1&quot;:3,&quot;3&quot;:10}\" data-sheets-numberformat=\"{&quot;1&quot;:4,&quot;2&quot;:&quot;#,##0.00\\\\ [$\u20ac-1]&quot;}\">10,00 \u20ac<\/td><\/tr><tr><td data-sheets-value=\"{&quot;1&quot;:2,&quot;2&quot;:&quot;Cours individuel Ob\u00e9issance&quot;}\">Cours individuel Ob\u00e9issance<\/td><td data-sheets-value=\"{&quot;1&quot;:3,&quot;3&quot;:1}\">1<\/td><td data-sheets-value=\"{&quot;1&quot;:2,&quot;2&quot;:&quot;Heure&quot;}\">Heure<\/td><td data-sheets-value=\"{&quot;1&quot;:3,&quot;3&quot;:10}\" data-sheets-numberformat=\"{&quot;1&quot;:4,&quot;2&quot;:&quot;#,##0.00\\\\ [$\u20ac-1]&quot;}\">10,00 \u20ac<\/td><\/tr><tr><td data-sheets-value=\"{&quot;1&quot;:2,&quot;2&quot;:&quot;Cours individuel Ring&quot;}\">Cours individuel Ring<\/td><td data-sheets-value=\"{&quot;1&quot;:3,&quot;3&quot;:1}\">1<\/td><td data-sheets-value=\"{&quot;1&quot;:2,&quot;2&quot;:&quot;Heure&quot;}\">Heure<\/td><td data-sheets-value=\"{&quot;1&quot;:3,&quot;3&quot;:20}\" data-sheets-numberformat=\"{&quot;1&quot;:4,&quot;2&quot;:&quot;#,##0.00\\\\ [$\u20ac-1]&quot;}\">20,00 \u20ac<\/td><\/tr><tr><td data-sheets-value=\"{&quot;1&quot;:2,&quot;2&quot;:&quot;Cours Education collectif (1 heure par semaine)&quot;}\">Cours Education collectif (1 heure par semaine)<\/td><td data-sheets-value=\"{&quot;1&quot;:2,&quot;2&quot;:&quot;6 Mois&quot;}\">6 Mois<\/td><td data-sheets-value=\"{&quot;1&quot;:2,&quot;2&quot;:&quot;Forfait &quot;}\">Forfait<\/td><td data-sheets-value=\"{&quot;1&quot;:3,&quot;3&quot;:200}\" data-sheets-numberformat=\"{&quot;1&quot;:4,&quot;2&quot;:&quot;#,##0.00\\\\ [$\u20ac-1]&quot;}\">200,00 \u20ac<\/td><\/tr><tr><td data-sheets-value=\"{&quot;1&quot;:2,&quot;2&quot;:&quot;Education canine (3 chiens maximum)&quot;}\">Education canine (3 chiens maximum)<\/td><td data-sheets-value=\"{&quot;1&quot;:2,&quot;2&quot;:&quot;10 s\u00e9ances&quot;}\">10 s\u00e9ances<\/td><td data-sheets-value=\"{&quot;1&quot;:2,&quot;2&quot;:&quot;Forfait &quot;}\">Forfait<\/td><td data-sheets-value=\"{&quot;1&quot;:3,&quot;3&quot;:200}\" data-sheets-numberformat=\"{&quot;1&quot;:4,&quot;2&quot;:&quot;#,##0.00\\\\ [$\u20ac-1]&quot;}\">200,00 \u20ac<\/td><\/tr><tr><td data-sheets-value=\"{&quot;1&quot;:2,&quot;2&quot;:&quot;Education canine ( 3 chiens maximum)&quot;}\">Education canine ( 3 chiens maximum)<\/td><td data-sheets-value=\"{&quot;1&quot;:2,&quot;2&quot;:&quot;20 s\u00e9ances&quot;}\">20 s\u00e9ances<\/td><td data-sheets-value=\"{&quot;1&quot;:2,&quot;2&quot;:&quot;Forfait &quot;}\">Forfait<\/td><td data-sheets-value=\"{&quot;1&quot;:3,&quot;3&quot;:250}\" data-sheets-numberformat=\"{&quot;1&quot;:4,&quot;2&quot;:&quot;#,##0.00\\\\ [$\u20ac-1]&quot;}\">250,00 \u20ac<\/td><\/tr><tr><td data-sheets-value=\"{&quot;1&quot;:2,&quot;2&quot;:&quot;Education canine (3 chiens maximum)&quot;}\">Education canine (3 chiens maximum)<\/td><td data-sheets-value=\"{&quot;1&quot;:2,&quot;2&quot;:&quot;30 s\u00e9ances&quot;}\">30 s\u00e9ances<\/td><td data-sheets-value=\"{&quot;1&quot;:2,&quot;2&quot;:&quot;Forfait &quot;}\">Forfait<\/td><td data-sheets-value=\"{&quot;1&quot;:3,&quot;3&quot;:300}\" data-sheets-numberformat=\"{&quot;1&quot;:4,&quot;2&quot;:&quot;#,##0.00\\\\ [$\u20ac-1]&quot;}\">300,00 \u20ac<\/td><\/tr><tr><td data-sheets-value=\"{&quot;1&quot;:2,&quot;2&quot;:&quot;Certificat de D\u00e9tention cat\u00e9g 1 et 2&quot;}\">Certificat de D\u00e9tention cat\u00e9gorie 1 et 2<\/td><td data-sheets-value=\"{&quot;1&quot;:2,&quot;2&quot;:&quot;3 heures&quot;}\">3 heures<\/td><td data-sheets-value=\"{&quot;1&quot;:2,&quot;2&quot;:&quot;Forfait &quot;}\">Forfait<\/td><td data-sheets-value=\"{&quot;1&quot;:3,&quot;3&quot;:150}\" data-sheets-numberformat=\"{&quot;1&quot;:4,&quot;2&quot;:&quot;#,##0.00\\\\ [$\u20ac-1]&quot;}\">150,00 \u20ac<\/td><\/tr><\/tbody><\/table>\t\t\t\t\t\t\t\t<\/div>\n\t\t\t\t<\/div>\n\t\t\t\t\t<\/div>\n\t\t\t\t<\/div>\n\t\t<div class=\"elementor-element elementor-element-f7d2352 e-flex e-con-boxed e-con e-parent\" data-id=\"f7d2352\" data-element_type=\"container\" data-e-type=\"container\">\n\t\t\t\t\t<div class=\"e-con-inner\">\n\t\t\t\t<div class=\"elementor-element elementor-element-0d7f994 elementor-align-center elementor-widget elementor-widget-button\" data-id=\"0d7f994\" data-element_type=\"widget\" data-e-type=\"widget\" data-widget_type=\"button.default\">\n\t\t\t\t<div class=\"elementor-widget-container\">\n\t\t\t\t\t\t\t\t\t<div class=\"elementor-button-wrapper\">\n\t\t\t\t\t<a class=\"elementor-button elementor-button-link elementor-size-md\" href=\"https:\/\/centre-cyno-tallendais.fr\/index.php\/contacts\/\">\n\t\t\t\t\t\t<span class=\"elementor-button-content-wrapper\">\n\t\t\t\t\t\t\t\t\t<span class=\"elementor-button-text\">Me contacter<\/span>\n\t\t\t\t\t<\/span>\n\t\t\t\t\t<\/a>\n\t\t\t\t<\/div>\n\t\t\t\t\t\t\t\t<\/div>\n\t\t\t\t<\/div>\n\t\t\t\t\t<\/div>\n\t\t\t\t<\/div>\n\t\t\t\t<\/div>\n\t\t","protected":false},"excerpt":{"rendered":"<p>Tarifs appliqu\u00e9s D\u00c9SIGNATION QUANTIT\u00c9 Forfait \/ Heure MONTANT Location terrain entrainement 1 Heure 10,00 \u20ac Cours individuel Ob\u00e9issance 1 Heure 10,00 \u20ac Cours individuel Ring 1 Heure 20,00 \u20ac Cours Education collectif (1 heure par semaine) 6 Mois Forfait 200,00 \u20ac Education canine (3 chiens maximum) 10 s\u00e9ances Forfait 200,00 \u20ac Education canine ( 3 [&hellip;]<\/p>\n","protected":false},"author":1,"featured_media":0,"parent":0,"menu_order":0,"comment_status":"closed","ping_status":"closed","template":"","meta":{"om_disable_all_campaigns":false,"_monsterinsights_skip_tracking":false,"_monsterinsights_sitenote_active":false,"_monsterinsights_sitenote_note":"","_monsterinsights_sitenote_category":0,"site-sidebar-layout":"no-sidebar","site-content-layout":"page-builder","ast-site-content-layout":"default","site-content-style":"default","site-sidebar-style":"default","ast-global-header-display":"","ast-banner-title-visibility":"","ast-main-header-display":"","ast-hfb-above-header-display":"","ast-hfb-below-header-display":"","ast-hfb-mobile-header-display":"","site-post-title":"disabled","ast-breadcrumbs-content":"","ast-featured-img":"disabled","footer-sml-layout":"","ast-disable-related-posts":"","theme-transparent-header-meta":"default","adv-header-id-meta":"","stick-header-meta":"","header-above-stick-meta":"","header-main-stick-meta":"","header-below-stick-meta":"","astra-migrate-meta-layouts":"default","ast-page-background-enabled":"default","ast-page-background-meta":{"desktop":{"background-color":"","background-image":"","background-repeat":"repeat","background-position":"center center","background-size":"auto","background-attachment":"scroll","background-type":"","background-media":"","overlay-type":"","overlay-color":"","overlay-opacity":"","overlay-gradient":""},"tablet":{"background-color":"","background-image":"","background-repeat":"repeat","background-position":"center center","background-size":"auto","background-attachment":"scroll","background-type":"","background-media":"","overlay-type":"","overlay-color":"","overlay-opacity":"","overlay-gradient":""},"mobile":{"background-color":"","background-image":"","background-repeat":"repeat","background-position":"center center","background-size":"auto","background-attachment":"scroll","background-type":"","background-media":"","overlay-type":"","overlay-color":"","overlay-opacity":"","overlay-gradient":""}},"ast-content-background-meta":{"desktop":{"background-color":"var(--ast-global-color-5)","background-image":"","background-repeat":"repeat","background-position":"center center","background-size":"auto","background-attachment":"scroll","background-type":"","background-media":"","overlay-type":"","overlay-color":"","overlay-opacity":"","overlay-gradient":""},"tablet":{"background-color":"var(--ast-global-color-5)","background-image":"","background-repeat":"repeat","background-position":"center center","background-size":"auto","background-attachment":"scroll","background-type":"","background-media":"","overlay-type":"","overlay-color":"","overlay-opacity":"","overlay-gradient":""},"mobile":{"background-color":"var(--ast-global-color-5)","background-image":"","background-repeat":"repeat","background-position":"center center","background-size":"auto","background-attachment":"scroll","background-type":"","background-media":"","overlay-type":"","overlay-color":"","overlay-opacity":"","overlay-gradient":""}},"footnotes":""},"class_list":["post-621","page","type-page","status-publish","hentry"],"aioseo_notices":[],"_links":{"self":[{"href":"https:\/\/centre-cyno-tallendais.fr\/index.php\/wp-json\/wp\/v2\/pages\/621","targetHints":{"allow":["GET"]}}],"collection":[{"href":"https:\/\/centre-cyno-tallendais.fr\/index.php\/wp-json\/wp\/v2\/pages"}],"about":[{"href":"https:\/\/centre-cyno-tallendais.fr\/index.php\/wp-json\/wp\/v2\/types\/page"}],"author":[{"embeddable":true,"href":"https:\/\/centre-cyno-tallendais.fr\/index.php\/wp-json\/wp\/v2\/users\/1"}],"replies":[{"embeddable":true,"href":"https:\/\/centre-cyno-tallendais.fr\/index.php\/wp-json\/wp\/v2\/comments?post=621"}],"version-history":[{"count":19,"href":"https:\/\/centre-cyno-tallendais.fr\/index.php\/wp-json\/wp\/v2\/pages\/621\/revisions"}],"predecessor-version":[{"id":1439,"href":"https:\/\/centre-cyno-tallendais.fr\/index.php\/wp-json\/wp\/v2\/pages\/621\/revisions\/1439"}],"wp:attachment":[{"href":"https:\/\/centre-cyno-tallendais.fr\/index.php\/wp-json\/wp\/v2\/media?parent=621"}],"curies":[{"name":"wp","href":"https:\/\/api.w.org\/{rel}","templated":true}]}}